{"id":96,"date":"2020-10-05T12:36:53","date_gmt":"2020-10-05T12:36:53","guid":{"rendered":"https:\/\/miazga.eu\/index.php\/about\/"},"modified":"2024-10-04T15:49:31","modified_gmt":"2024-10-04T15:49:31","slug":"materialy-marketingowe","status":"publish","type":"page","link":"https:\/\/miazga.eu\/index.php\/materialy-marketingowe\/","title":{"rendered":"materia\u0142y marketingowe"},"content":{"rendered":"\t\t<div data-elementor-type=\"wp-page\" data-elementor-id=\"96\" class=\"elementor elementor-96\">\n\t\t\t\t\t\t<section class=\"elementor-section elementor-top-section elementor-element elementor-element-9798e3e elementor-section-full_width elementor-section-height-default elementor-section-height-default\" data-id=\"9798e3e\" data-element_type=\"section\">\n\t\t\t\t\t\t<div class=\"elementor-container elementor-column-gap-no\">\n\t\t\t\t\t<div class=\"aux-parallax-section elementor-column elementor-col-100 elementor-top-column elementor-element elementor-element-f27033c\" data-id=\"f27033c\" data-element_type=\"column\">\n\t\t\t<div class=\"elementor-widget-wrap elementor-element-populated\">\n\t\t\t\t\t\t<section class=\"elementor-section elementor-inner-section elementor-element elementor-element-eb6db59 elementor-section-content-middle elementor-reverse-mobile elementor-section-boxed elementor-section-height-default elementor-section-height-default\" data-id=\"eb6db59\" data-element_type=\"section\">\n\t\t\t\t\t\t<div class=\"elementor-container elementor-column-gap-no\">\n\t\t\t\t\t<div class=\"aux-parallax-section elementor-column elementor-col-50 elementor-inner-column elementor-element elementor-element-f8ae2e8\" data-id=\"f8ae2e8\" data-element_type=\"column\">\n\t\t\t<div class=\"elementor-widget-wrap elementor-element-populated\">\n\t\t\t\t\t\t<div class=\"elementor-element elementor-element-6c1aa11 aux-appear-watch-animation aux-fade-in-up-1 elementor-widget elementor-widget-aux_modern_heading\" data-id=\"6c1aa11\" data-element_type=\"widget\" data-widget_type=\"aux_modern_heading.default\">\n\t\t\t\t<div class=\"elementor-widget-container\">\n\t\t\t\t\t<section class=\"aux-widget-modern-heading\">\n            <div class=\"aux-widget-inner\"><h5 class=\"aux-modern-heading-primary\"><\/h5><h3 class=\"aux-modern-heading-secondary\"><span class=\"aux-head-before\">Produkty <br><\/span><span class=\"aux-head-highlight\">marketingowe <\/span><\/h3><div class=\"aux-modern-heading-divider\"><\/div><div class=\"aux-modern-heading-description\"><p>- Wzornik wachlarz fronty Akrylowe<br \/>- Wzornik wachlarz fronty Spectrum<br \/>- Wzornik wachlarz fronty Spectrum Metal<br \/>- Wzornik wachlarz fronty Kristall<br \/>- Wzornik wachlarz fronty Saviola<br \/>- NIEMANN BOX - wszystkie wzorniki<br \/>- pr\u00f3bka 300mm x 200mm - Akryl, Saviola, Spectrum<br \/>- pr\u00f3bka 300mm x 200mm - Spectrum Metal<br \/>- pr\u00f3bka 300mm x 200mm - z elementami lakierowanymi<br \/>- Stojak 340x360x2050 - na 20 pr\u00f3bek 300mm x 200mm<br \/>- Szafka modu\u0142owa 1250x360x2400 na 80 pr\u00f3bek<br \/>- Pokrowiec AKRYLIK na pr\u00f3bki - 4 szt.<\/p><\/div><\/div>\n        <\/section>\t\t\t\t<\/div>\n\t\t\t\t<\/div>\n\t\t\t\t\t<\/div>\n\t\t<\/div>\n\t\t\t\t<div class=\"aux-parallax-section elementor-column elementor-col-50 elementor-inner-column elementor-element elementor-element-5333168\" data-id=\"5333168\" data-element_type=\"column\">\n\t\t\t<div class=\"elementor-widget-wrap elementor-element-populated\">\n\t\t\t\t\t\t<div class=\"elementor-element elementor-element-dcc95f4 aux-appear-watch-animation aux-mask-from-left elementor-widget elementor-widget-aux_image\" data-id=\"dcc95f4\" data-element_type=\"widget\" data-widget_type=\"aux_image.default\">\n\t\t\t\t<div class=\"elementor-widget-container\">\n\t\t\t\t\t<section class=\"widget-container aux-widget-image aux-alignnone aux-parent-auf3f7c8a4\">\n    <div class=\"aux-media-hint-frame \">\n        <div class=\"aux-media-image \" >\n        \n            \n\n            \n            <img fetchpriority=\"high\" decoding=\"async\" width=\"1200\" height=\"1029\" src=\"https:\/\/miazga.eu\/wp-content\/uploads\/2024\/10\/miazga_fronty_08-1.jpg\" class=\"aux-attachment aux-featured-image aux-attachment-id-401\" alt=\"miazga_fronty_08\" data-ratio=\"1.17\" data-original-w=\"1200\" \/>            \n                <\/div>\n    <\/div>\n\n<\/section><!-- widget-container -->\t\t\t\t<\/div>\n\t\t\t\t<\/div>\n\t\t\t\t\t<\/div>\n\t\t<\/div>\n\t\t\t\t\t<\/div>\n\t\t<\/section>\n\t\t\t\t\t<\/div>\n\t\t<\/div>\n\t\t\t\t\t<\/div>\n\t\t<\/section>\n\t\t\t\t<section class=\"elementor-section elementor-top-section elementor-element elementor-element-5491581 elementor-section-full_width elementor-section-height-default elementor-section-height-default\" data-id=\"5491581\" data-element_type=\"section\">\n\t\t\t\t\t\t<div class=\"elementor-container elementor-column-gap-no\">\n\t\t\t\t\t<div class=\"aux-parallax-section elementor-column elementor-col-100 elementor-top-column elementor-element elementor-element-d35f992\" data-id=\"d35f992\" data-element_type=\"column\">\n\t\t\t<div class=\"elementor-widget-wrap elementor-element-populated\">\n\t\t\t\t\t\t<div class=\"elementor-element elementor-element-d3cfee2 aux-appear-watch-animation aux-scale-down elementor-widget elementor-widget-aux_modern_heading\" data-id=\"d3cfee2\" data-element_type=\"widget\" data-widget_type=\"aux_modern_heading.default\">\n\t\t\t\t<div class=\"elementor-widget-container\">\n\t\t\t\t\t<section class=\"aux-widget-modern-heading\">\n            <div class=\"aux-widget-inner\"><h5 class=\"aux-modern-heading-primary\"><\/h5><div class=\"aux-modern-heading-divider\"><\/div><div class=\"aux-modern-heading-description\"><p>Przy sta\u0142ej wsp\u00f3\u0142pracy (stolarze, projektanci, dystrybutorzy) koszt materia\u0142\u00f3w reklamowych zwracany jest w formie rabatu przy pierwszych zam\u00f3wieniach.<\/p><\/div><\/div>\n        <\/section>\t\t\t\t<\/div>\n\t\t\t\t<\/div>\n\t\t\t\t\t<\/div>\n\t\t<\/div>\n\t\t\t\t\t<\/div>\n\t\t<\/section>\n\t\t\t\t<\/div>\n\t\t","protected":false},"excerpt":{"rendered":"<p>Produkty marketingowe &#8211; Wzornik wachlarz fronty Akrylowe&#8211; Wzornik wachlarz fronty Spectrum&#8211; Wzornik wachlarz fronty Spectrum Metal&#8211; Wzornik wachlarz fronty Kristall&#8211; Wzornik wachlarz fronty Saviola&#8211; NIEMANN BOX &#8211; wszystkie wzorniki&#8211; pr\u00f3bka 300mm x 200mm &#8211; Akryl, Saviola, Spectrum&#8211; pr\u00f3bka 300mm x 200mm &#8211; Spectrum Metal&#8211; pr\u00f3bka 300mm x 200mm &#8211; z elementami lakierowanymi&#8211; Stojak 340x360x2050 &#8211; [&hellip;]<\/p>\n","protected":false},"author":1,"featured_media":0,"parent":0,"menu_order":0,"comment_status":"closed","ping_status":"closed","template":"templates\/page-builder-content.php","meta":{"footnotes":""},"class_list":["post-96","page","type-page","status-publish","hentry"],"_links":{"self":[{"href":"https:\/\/miazga.eu\/index.php\/wp-json\/wp\/v2\/pages\/96","targetHints":{"allow":["GET"]}}],"collection":[{"href":"https:\/\/miazga.eu\/index.php\/wp-json\/wp\/v2\/pages"}],"about":[{"href":"https:\/\/miazga.eu\/index.php\/wp-json\/wp\/v2\/types\/page"}],"author":[{"embeddable":true,"href":"https:\/\/miazga.eu\/index.php\/wp-json\/wp\/v2\/users\/1"}],"replies":[{"embeddable":true,"href":"https:\/\/miazga.eu\/index.php\/wp-json\/wp\/v2\/comments?post=96"}],"version-history":[{"count":38,"href":"https:\/\/miazga.eu\/index.php\/wp-json\/wp\/v2\/pages\/96\/revisions"}],"predecessor-version":[{"id":490,"href":"https:\/\/miazga.eu\/index.php\/wp-json\/wp\/v2\/pages\/96\/revisions\/490"}],"wp:attachment":[{"href":"https:\/\/miazga.eu\/index.php\/wp-json\/wp\/v2\/media?parent=96"}],"curies":[{"name":"wp","href":"https:\/\/api.w.org\/{rel}","templated":true}]}}